{"id":11691,"date":"2026-03-06T13:06:05","date_gmt":"2026-03-06T13:06:05","guid":{"rendered":"https:\/\/therapycool.com\/?page_id=11691"},"modified":"2026-03-14T18:26:53","modified_gmt":"2026-03-14T18:26:53","slug":"contacto","status":"publish","type":"page","link":"https:\/\/therapycool.com\/index.php\/contacto\/","title":{"rendered":"CONTACTO"},"content":{"rendered":"\t\t<div data-elementor-type=\"wp-page\" data-elementor-id=\"11691\" class=\"elementor elementor-11691\" data-elementor-post-type=\"page\">\n\t\t\t\t<div class=\"elementor-element elementor-element-ce1d90f e-flex e-con-boxed wpr-particle-no wpr-jarallax-no wpr-parallax-no wpr-sticky-section-no e-con e-parent\" data-id=\"ce1d90f\" data-element_type=\"container\" data-e-type=\"container\" data-settings=\"{&quot;background_background&quot;:&quot;classic&quot;}\">\n\t\t\t\t\t<div class=\"e-con-inner\">\n\t\t\t\t<div class=\"elementor-element elementor-element-68f17946 elementor-widget elementor-widget-heading\" data-id=\"68f17946\" data-element_type=\"widget\" data-e-type=\"widget\" data-widget_type=\"heading.default\">\n\t\t\t\t<div class=\"elementor-widget-container\">\n\t\t\t\t\t<h1 class=\"elementor-heading-title elementor-size-default\">Contacta con ARB PHYSIOS<\/h1>\t\t\t\t<\/div>\n\t\t\t\t<\/div>\n\t\t\t\t<div class=\"elementor-element elementor-element-761a827b elementor-widget elementor-widget-text-editor\" data-id=\"761a827b\" data-element_type=\"widget\" data-e-type=\"widget\" data-widget_type=\"text-editor.default\">\n\t\t\t\t<div class=\"elementor-widget-container\">\n\t\t\t\t\t\t\t\t\t<h4><span class=\"theming-custom\"><i>Para obtener m\u00e1s informaci\u00f3n, contacta con nosotros a trav\u00e9s de WhatsApp \u00f3 rellena la informaci\u00f3n de contacto y nos pondremos en contacto contigo.\u00a0<\/i><\/span><\/h4>\t\t\t\t\t\t\t\t<\/div>\n\t\t\t\t<\/div>\n\t\t\t\t\t<\/div>\n\t\t\t\t<\/div>\n\t\t<div class=\"elementor-element elementor-element-471385f e-flex e-con-boxed wpr-particle-no wpr-jarallax-no wpr-parallax-no wpr-sticky-section-no e-con e-parent\" data-id=\"471385f\" data-element_type=\"container\" data-e-type=\"container\" data-settings=\"{&quot;background_background&quot;:&quot;gradient&quot;}\">\n\t\t\t\t\t<div class=\"e-con-inner\">\n\t\t\t\t<div class=\"elementor-element elementor-element-20fa43d elementor-widget elementor-widget-menu-anchor\" data-id=\"20fa43d\" data-element_type=\"widget\" data-e-type=\"widget\" data-widget_type=\"menu-anchor.default\">\n\t\t\t\t<div class=\"elementor-widget-container\">\n\t\t\t\t\t\t\t<div class=\"elementor-menu-anchor\" id=\"formulario\"><\/div>\n\t\t\t\t\t\t<\/div>\n\t\t\t\t<\/div>\n\t\t\t\t<div class=\"elementor-element elementor-element-f15e980 elementor-widget elementor-widget-heading\" data-id=\"f15e980\" data-element_type=\"widget\" data-e-type=\"widget\" data-widget_type=\"heading.default\">\n\t\t\t\t<div class=\"elementor-widget-container\">\n\t\t\t\t\t<h2 class=\"elementor-heading-title elementor-size-default\">Cont\u00e1ctanos<\/h2>\t\t\t\t<\/div>\n\t\t\t\t<\/div>\n\t\t\t\t<div class=\"elementor-element elementor-element-d00373c elementor-widget__width-initial elementor-widget elementor-widget-wpforms\" data-id=\"d00373c\" data-element_type=\"widget\" data-e-type=\"widget\" data-widget_type=\"wpforms.default\">\n\t\t\t\t<div class=\"elementor-widget-container\">\n\t\t\t\t\t<div class=\"wpforms-container wpforms-container-full wpform_main wpforms-render-modern\" id=\"wpforms-5730\"><form id=\"wpforms-form-5730\" class=\"wpforms-validate wpforms-form wpforms-ajax-form\" data-formid=\"5730\" method=\"post\" enctype=\"multipart\/form-data\" action=\"\/index.php\/wp-json\/wp\/v2\/pages\/11691\" data-token=\"83d11804d087b10fd7349b24c46497d3\" data-token-time=\"1777810920\"><noscript class=\"wpforms-error-noscript\">Por favor, activa JavaScript en tu navegador para completar este formulario.<\/noscript><div id=\"wpforms-error-noscript\" style=\"display: none;\">Por favor, activa JavaScript en tu navegador para completar este formulario.<\/div><div class=\"wpforms-field-container\">\t\t<div id=\"wpforms-5730-field_6-container\"\n\t\t\tclass=\"wpforms-field wpforms-field-text\"\n\t\t\tdata-field-type=\"text\"\n\t\t\tdata-field-id=\"6\"\n\t\t\t>\n\t\t\t<label class=\"wpforms-field-label\" for=\"wpforms-5730-field_6\" >Asunto electr\u00f3nico Apellido<\/label>\n\t\t\t<input type=\"text\" id=\"wpforms-5730-field_6\" class=\"wpforms-field-medium\" name=\"wpforms[fields][6]\" >\n\t\t<\/div>\n\t\t<div id=\"wpforms-5730-field_1-container\" class=\"wpforms-field wpforms-field-name wpforms-one-half wpforms-first\" data-field-id=\"1\"><label class=\"wpforms-field-label\" for=\"wpforms-5730-field_1\">Nombre <span class=\"wpforms-required-label\" aria-hidden=\"true\">*<\/span><\/label><input type=\"text\" id=\"wpforms-5730-field_1\" class=\"wpforms-field-large wpforms-field-required\" name=\"wpforms[fields][1]\" aria-errormessage=\"wpforms-5730-field_1-error\" required><\/div><div id=\"wpforms-5730-field_4-container\" class=\"wpforms-field wpforms-field-name wpforms-one-half\" data-field-id=\"4\"><label class=\"wpforms-field-label\" for=\"wpforms-5730-field_4\">Apellido <span class=\"wpforms-required-label\" aria-hidden=\"true\">*<\/span><\/label><input type=\"text\" id=\"wpforms-5730-field_4\" class=\"wpforms-field-large wpforms-field-required\" name=\"wpforms[fields][4]\" aria-errormessage=\"wpforms-5730-field_4-error\" required><\/div><div id=\"wpforms-5730-field_2-container\" class=\"wpforms-field wpforms-field-email\" data-field-id=\"2\"><label class=\"wpforms-field-label\" for=\"wpforms-5730-field_2\">Correo electr\u00f3nico <span class=\"wpforms-required-label\" aria-hidden=\"true\">*<\/span><\/label><input type=\"email\" id=\"wpforms-5730-field_2\" class=\"wpforms-field-large wpforms-field-required\" name=\"wpforms[fields][2]\" spellcheck=\"false\" aria-errormessage=\"wpforms-5730-field_2-error\" required><\/div><div id=\"wpforms-5730-field_3-container\" class=\"wpforms-field wpforms-field-textarea\" data-field-id=\"3\"><label class=\"wpforms-field-label\" for=\"wpforms-5730-field_3\">Asunto <span class=\"wpforms-required-label\" aria-hidden=\"true\">*<\/span><\/label><textarea id=\"wpforms-5730-field_3\" class=\"wpforms-field-medium wpforms-field-required\" name=\"wpforms[fields][3]\" aria-errormessage=\"wpforms-5730-field_3-error\" required><\/textarea><\/div><div id=\"wpforms-5730-field_5-container\" class=\"wpforms-field wpforms-field-checkbox\" data-field-id=\"5\"><fieldset><legend class=\"wpforms-field-label wpforms-label-hide\" aria-hidden=\"false\">Pol\u00edtica <span class=\"wpforms-required-label\" aria-hidden=\"true\">*<\/span><\/legend><ul id=\"wpforms-5730-field_5\" class=\"wpforms-field-required\"><li class=\"choice-1 depth-1\"><input type=\"checkbox\" id=\"wpforms-5730-field_5_1\" name=\"wpforms[fields][5][]\" value=\"Acepto las &lt;a href=&quot;https:\/\/therapycool.com\/index.php\/politica-de-privacidad\/&quot; target=&quot;_blank&quot;&gt;pol\u00edticas de privacidad&lt;\/a&gt;.\" aria-errormessage=\"wpforms-5730-field_5_1-error\" required ><label class=\"wpforms-field-label-inline\" for=\"wpforms-5730-field_5_1\">Acepto las <a href=\"https:\/\/therapycool.com\/index.php\/politica-de-privacidad\/\" target=\"_blank\">pol\u00edticas de privacidad<\/a>.<\/label><\/li><\/ul><\/fieldset><\/div><script>\n\t\t\t\t( function() {\n\t\t\t\t\tconst style = document.createElement( 'style' );\n\t\t\t\t\tstyle.appendChild( document.createTextNode( '#wpforms-5730-field_6-container { position: absolute !important; overflow: hidden !important; display: inline !important; height: 1px !important; width: 1px !important; z-index: -1000 !important; padding: 0 !important; } #wpforms-5730-field_6-container input { visibility: hidden; } #wpforms-conversational-form-page #wpforms-5730-field_6-container label { counter-increment: none; }' ) );\n\t\t\t\t\tdocument.head.appendChild( style );\n\t\t\t\t\tdocument.currentScript?.remove();\n\t\t\t\t} )();\n\t\t\t<\/script><\/div><!-- .wpforms-field-container --><div class=\"wpforms-submit-container\" ><input type=\"hidden\" name=\"wpforms[id]\" value=\"5730\"><input type=\"hidden\" name=\"page_title\" value=\"\"><input type=\"hidden\" name=\"page_url\" value=\"https:\/\/therapycool.com\/index.php\/wp-json\/wp\/v2\/pages\/11691\"><input type=\"hidden\" name=\"url_referer\" value=\"\"><button type=\"submit\" name=\"wpforms[submit]\" id=\"wpforms-submit-5730\" class=\"wpforms-submit wpform_submit\" data-alt-text=\"Enviando...\" data-submit-text=\"Enviar\" aria-live=\"assertive\" value=\"wpforms-submit\">Enviar<\/button><img decoding=\"async\" src=\"https:\/\/therapycool.com\/wp-content\/plugins\/wpforms-lite\/assets\/images\/submit-spin.svg\" class=\"wpforms-submit-spinner\" style=\"display: none;\" width=\"26\" height=\"26\" alt=\"Cargando\"><\/div><\/form><\/div>  <!-- .wpforms-container -->\t\t\t\t<\/div>\n\t\t\t\t<\/div>\n\t\t\t\t<div class=\"elementor-element elementor-element-6096043 elementor-widget elementor-widget-google_maps\" data-id=\"6096043\" data-element_type=\"widget\" data-e-type=\"widget\" data-widget_type=\"google_maps.default\">\n\t\t\t\t<div class=\"elementor-widget-container\">\n\t\t\t\t\t\t\t<div class=\"elementor-custom-embed\">\n\t\t\t<iframe loading=\"lazy\"\n\t\t\t\t\tsrc=\"https:\/\/maps.google.com\/maps?q=%2043710%20-Santa%20Oliva%20Veguer%C3%ADa%20del%20Pened%C3%A9s%2C%2016%20&#038;t=m&#038;z=10&#038;output=embed&#038;iwloc=near\"\n\t\t\t\t\ttitle=\" 43710 -Santa Oliva Veguer\u00eda del Pened\u00e9s, 16 \"\n\t\t\t\t\taria-label=\" 43710 -Santa Oliva Veguer\u00eda del Pened\u00e9s, 16 \"\n\t\t\t><\/iframe>\n\t\t<\/div>\n\t\t\t\t\t\t<\/div>\n\t\t\t\t<\/div>\n\t\t\t\t\t<\/div>\n\t\t\t\t<\/div>\n\t\t\t\t<\/div>\n\t\t","protected":false},"excerpt":{"rendered":"<p>Contacta con ARB PHYSIOS Para obtener m\u00e1s informaci\u00f3n, contacta con nosotros a trav\u00e9s de WhatsApp \u00f3 rellena la informaci\u00f3n de contacto y nos pondremos en contacto contigo.\u00a0 Cont\u00e1ctanos Por favor, activa JavaScript en tu navegador para completar este formulario.Por favor, activa JavaScript en tu navegador para completar este formulario.Nombre *Apellido *Correo electr\u00f3nico *Asunto * Pol\u00edtica * Acepto las pol\u00edticas de privacidad. Enviar<\/p>\n","protected":false},"author":1,"featured_media":0,"parent":0,"menu_order":0,"comment_status":"closed","ping_status":"closed","template":"","meta":{"footnotes":""},"class_list":["post-11691","page","type-page","status-publish","hentry"],"yoast_head":"<!-- This site is optimized with the Yoast SEO plugin v27.1.1 - https:\/\/yoast.com\/product\/yoast-seo-wordpress\/ -->\n<title>Contacta con ARB Physios<\/title>\n<meta name=\"description\" content=\"\u00bfNecesitas m\u00e1s informaci\u00f3n sobre nuestros equipos? Contacta con ARB Physios y recibe soporte directo de nuestro equipo especializado.\" \/>\n<meta name=\"robots\" content=\"index, follow, max-snippet:-1, max-image-preview:large, max-video-preview:-1\" \/>\n<link rel=\"canonical\" href=\"https:\/\/therapycool.com\/index.php\/contacto\/\" \/>\n<meta property=\"og:locale\" content=\"es_ES\" \/>\n<meta property=\"og:type\" content=\"article\" \/>\n<meta property=\"og:title\" content=\"Contacta con ARB Physios\" \/>\n<meta property=\"og:description\" content=\"\u00bfNecesitas m\u00e1s informaci\u00f3n sobre nuestros equipos? Contacta con ARB Physios y recibe soporte directo de nuestro equipo especializado.\" \/>\n<meta property=\"og:url\" content=\"https:\/\/therapycool.com\/index.php\/contacto\/\" \/>\n<meta property=\"og:site_name\" content=\"arb-Physios\" \/>\n<meta property=\"article:modified_time\" content=\"2026-03-14T18:26:53+00:00\" \/>\n<meta property=\"og:image\" content=\"https:\/\/therapycool.com\/wp-content\/plugins\/wpforms-lite\/assets\/images\/submit-spin.svg\" \/>\n<meta name=\"twitter:card\" content=\"summary_large_image\" \/>\n<meta name=\"twitter:label1\" content=\"Tiempo de lectura\" \/>\n\t<meta name=\"twitter:data1\" content=\"1 minuto\" \/>\n<script type=\"application\/ld+json\" class=\"yoast-schema-graph\">{\"@context\":\"https:\/\/schema.org\",\"@graph\":[{\"@type\":\"WebPage\",\"@id\":\"https:\/\/therapycool.com\/index.php\/contacto\/\",\"url\":\"https:\/\/therapycool.com\/index.php\/contacto\/\",\"name\":\"Contacta con ARB Physios\",\"isPartOf\":{\"@id\":\"https:\/\/therapycool.com\/#website\"},\"primaryImageOfPage\":{\"@id\":\"https:\/\/therapycool.com\/index.php\/contacto\/#primaryimage\"},\"image\":{\"@id\":\"https:\/\/therapycool.com\/index.php\/contacto\/#primaryimage\"},\"thumbnailUrl\":\"https:\/\/therapycool.com\/wp-content\/plugins\/wpforms-lite\/assets\/images\/submit-spin.svg\",\"datePublished\":\"2026-03-06T13:06:05+00:00\",\"dateModified\":\"2026-03-14T18:26:53+00:00\",\"description\":\"\u00bfNecesitas m\u00e1s informaci\u00f3n sobre nuestros equipos? Contacta con ARB Physios y recibe soporte directo de nuestro equipo especializado.\",\"breadcrumb\":{\"@id\":\"https:\/\/therapycool.com\/index.php\/contacto\/#breadcrumb\"},\"inLanguage\":\"es\",\"potentialAction\":[{\"@type\":\"ReadAction\",\"target\":[\"https:\/\/therapycool.com\/index.php\/contacto\/\"]}]},{\"@type\":\"ImageObject\",\"inLanguage\":\"es\",\"@id\":\"https:\/\/therapycool.com\/index.php\/contacto\/#primaryimage\",\"url\":\"https:\/\/therapycool.com\/wp-content\/plugins\/wpforms-lite\/assets\/images\/submit-spin.svg\",\"contentUrl\":\"https:\/\/therapycool.com\/wp-content\/plugins\/wpforms-lite\/assets\/images\/submit-spin.svg\"},{\"@type\":\"BreadcrumbList\",\"@id\":\"https:\/\/therapycool.com\/index.php\/contacto\/#breadcrumb\",\"itemListElement\":[{\"@type\":\"ListItem\",\"position\":1,\"name\":\"Portada\",\"item\":\"https:\/\/therapycool.com\/\"},{\"@type\":\"ListItem\",\"position\":2,\"name\":\"CONTACTO\"}]},{\"@type\":\"WebSite\",\"@id\":\"https:\/\/therapycool.com\/#website\",\"url\":\"https:\/\/therapycool.com\/\",\"name\":\"arb-Physios\",\"description\":\"\",\"publisher\":{\"@id\":\"https:\/\/therapycool.com\/#organization\"},\"potentialAction\":[{\"@type\":\"SearchAction\",\"target\":{\"@type\":\"EntryPoint\",\"urlTemplate\":\"https:\/\/therapycool.com\/?s={search_term_string}\"},\"query-input\":{\"@type\":\"PropertyValueSpecification\",\"valueRequired\":true,\"valueName\":\"search_term_string\"}}],\"inLanguage\":\"es\"},{\"@type\":\"Organization\",\"@id\":\"https:\/\/therapycool.com\/#organization\",\"name\":\"arb-Physios\",\"url\":\"https:\/\/therapycool.com\/\",\"logo\":{\"@type\":\"ImageObject\",\"inLanguage\":\"es\",\"@id\":\"https:\/\/therapycool.com\/#\/schema\/logo\/image\/\",\"url\":\"https:\/\/therapycool.com\/wp-content\/uploads\/2025\/06\/Logo-ARB-Physios-Blanco-350x100-Frances-Webp.webp\",\"contentUrl\":\"https:\/\/therapycool.com\/wp-content\/uploads\/2025\/06\/Logo-ARB-Physios-Blanco-350x100-Frances-Webp.webp\",\"width\":404,\"height\":100,\"caption\":\"arb-Physios\"},\"image\":{\"@id\":\"https:\/\/therapycool.com\/#\/schema\/logo\/image\/\"}}]}<\/script>\n<!-- \/ Yoast SEO plugin. -->","yoast_head_json":{"title":"Contacta con ARB Physios","description":"\u00bfNecesitas m\u00e1s informaci\u00f3n sobre nuestros equipos? Contacta con ARB Physios y recibe soporte directo de nuestro equipo especializado.","robots":{"index":"index","follow":"follow","max-snippet":"max-snippet:-1","max-image-preview":"max-image-preview:large","max-video-preview":"max-video-preview:-1"},"canonical":"https:\/\/therapycool.com\/index.php\/contacto\/","og_locale":"es_ES","og_type":"article","og_title":"Contacta con ARB Physios","og_description":"\u00bfNecesitas m\u00e1s informaci\u00f3n sobre nuestros equipos? Contacta con ARB Physios y recibe soporte directo de nuestro equipo especializado.","og_url":"https:\/\/therapycool.com\/index.php\/contacto\/","og_site_name":"arb-Physios","article_modified_time":"2026-03-14T18:26:53+00:00","og_image":[{"url":"https:\/\/therapycool.com\/wp-content\/plugins\/wpforms-lite\/assets\/images\/submit-spin.svg","type":"","width":"","height":""}],"twitter_card":"summary_large_image","twitter_misc":{"Tiempo de lectura":"1 minuto"},"schema":{"@context":"https:\/\/schema.org","@graph":[{"@type":"WebPage","@id":"https:\/\/therapycool.com\/index.php\/contacto\/","url":"https:\/\/therapycool.com\/index.php\/contacto\/","name":"Contacta con ARB Physios","isPartOf":{"@id":"https:\/\/therapycool.com\/#website"},"primaryImageOfPage":{"@id":"https:\/\/therapycool.com\/index.php\/contacto\/#primaryimage"},"image":{"@id":"https:\/\/therapycool.com\/index.php\/contacto\/#primaryimage"},"thumbnailUrl":"https:\/\/therapycool.com\/wp-content\/plugins\/wpforms-lite\/assets\/images\/submit-spin.svg","datePublished":"2026-03-06T13:06:05+00:00","dateModified":"2026-03-14T18:26:53+00:00","description":"\u00bfNecesitas m\u00e1s informaci\u00f3n sobre nuestros equipos? Contacta con ARB Physios y recibe soporte directo de nuestro equipo especializado.","breadcrumb":{"@id":"https:\/\/therapycool.com\/index.php\/contacto\/#breadcrumb"},"inLanguage":"es","potentialAction":[{"@type":"ReadAction","target":["https:\/\/therapycool.com\/index.php\/contacto\/"]}]},{"@type":"ImageObject","inLanguage":"es","@id":"https:\/\/therapycool.com\/index.php\/contacto\/#primaryimage","url":"https:\/\/therapycool.com\/wp-content\/plugins\/wpforms-lite\/assets\/images\/submit-spin.svg","contentUrl":"https:\/\/therapycool.com\/wp-content\/plugins\/wpforms-lite\/assets\/images\/submit-spin.svg"},{"@type":"BreadcrumbList","@id":"https:\/\/therapycool.com\/index.php\/contacto\/#breadcrumb","itemListElement":[{"@type":"ListItem","position":1,"name":"Portada","item":"https:\/\/therapycool.com\/"},{"@type":"ListItem","position":2,"name":"CONTACTO"}]},{"@type":"WebSite","@id":"https:\/\/therapycool.com\/#website","url":"https:\/\/therapycool.com\/","name":"arb-Physios","description":"","publisher":{"@id":"https:\/\/therapycool.com\/#organization"},"potentialAction":[{"@type":"SearchAction","target":{"@type":"EntryPoint","urlTemplate":"https:\/\/therapycool.com\/?s={search_term_string}"},"query-input":{"@type":"PropertyValueSpecification","valueRequired":true,"valueName":"search_term_string"}}],"inLanguage":"es"},{"@type":"Organization","@id":"https:\/\/therapycool.com\/#organization","name":"arb-Physios","url":"https:\/\/therapycool.com\/","logo":{"@type":"ImageObject","inLanguage":"es","@id":"https:\/\/therapycool.com\/#\/schema\/logo\/image\/","url":"https:\/\/therapycool.com\/wp-content\/uploads\/2025\/06\/Logo-ARB-Physios-Blanco-350x100-Frances-Webp.webp","contentUrl":"https:\/\/therapycool.com\/wp-content\/uploads\/2025\/06\/Logo-ARB-Physios-Blanco-350x100-Frances-Webp.webp","width":404,"height":100,"caption":"arb-Physios"},"image":{"@id":"https:\/\/therapycool.com\/#\/schema\/logo\/image\/"}}]}},"_links":{"self":[{"href":"https:\/\/therapycool.com\/index.php\/wp-json\/wp\/v2\/pages\/11691","targetHints":{"allow":["GET"]}}],"collection":[{"href":"https:\/\/therapycool.com\/index.php\/wp-json\/wp\/v2\/pages"}],"about":[{"href":"https:\/\/therapycool.com\/index.php\/wp-json\/wp\/v2\/types\/page"}],"author":[{"embeddable":true,"href":"https:\/\/therapycool.com\/index.php\/wp-json\/wp\/v2\/users\/1"}],"replies":[{"embeddable":true,"href":"https:\/\/therapycool.com\/index.php\/wp-json\/wp\/v2\/comments?post=11691"}],"version-history":[{"count":7,"href":"https:\/\/therapycool.com\/index.php\/wp-json\/wp\/v2\/pages\/11691\/revisions"}],"predecessor-version":[{"id":12616,"href":"https:\/\/therapycool.com\/index.php\/wp-json\/wp\/v2\/pages\/11691\/revisions\/12616"}],"wp:attachment":[{"href":"https:\/\/therapycool.com\/index.php\/wp-json\/wp\/v2\/media?parent=11691"}],"curies":[{"name":"wp","href":"https:\/\/api.w.org\/{rel}","templated":true}]}}